{"id":60,"date":"2026-01-31T19:36:25","date_gmt":"2026-01-31T19:36:25","guid":{"rendered":"https:\/\/tamparti.northcyprus.tr\/?page_id=60"},"modified":"2026-02-02T14:46:13","modified_gmt":"2026-02-02T11:46:13","slug":"lefkosa","status":"publish","type":"page","link":"https:\/\/tamparti.northcyprus.tr\/?page_id=60","title":{"rendered":"Lefko\u015fa"},"content":{"rendered":"\n<p class=\"has-medium-font-size wp-block-paragraph\">Lefko\u015fa \u0130l\u00e7e Koordinat\u00f6r\u00fc <strong>Tar\u0131k Dev<\/strong><\/p>\n\n\n\n<p class=\"wp-block-paragraph\"><strong>Lefko\u015fa T\u00fcrk Belediyesi:<\/strong><\/p>\n\n\n\n<p class=\"wp-block-paragraph\">Belediye Direkt\u00f6rl\u00fc\u011f\u00fc: <strong>Riyat Kudret<\/strong><\/p>\n\n\n\n<p class=\"wp-block-paragraph\">Belediye Kad\u0131n Direkt\u00f6rl\u00fc\u011f\u00fc: <strong>Diler Ertu\u011f M\u00fcltici<\/strong><\/p>\n\n\n\n<p class=\"wp-block-paragraph\">Belediye Gen\u00e7lik Direkt\u00f6rl\u00fc\u011f\u00fc: <strong>S\u00fcleyman Kaylaz<\/strong><\/p>\n\n\n\n<p class=\"wp-block-paragraph\"><strong>De\u011firmenlik\u2013Ak\u0131nc\u0131lar Belediyesi:<\/strong><\/p>\n\n\n\n<p class=\"wp-block-paragraph\">Belediye Direkt\u00f6rl\u00fc\u011f\u00fc: <strong>Servet Mercan<\/strong><\/p>\n\n\n\n<p class=\"wp-block-paragraph\">Belediye Kad\u0131n Direkt\u00f6rl\u00fc\u011f\u00fc: <strong>Elif \u00c7elik<\/strong><\/p>\n\n\n\n<p class=\"wp-block-paragraph\">Belediye Gen\u00e7lik Direkt\u00f6rl\u00fc\u011f\u00fc: <strong>\u00d6zge \u00c7elik<\/strong><\/p>\n\n\n\n<p class=\"wp-block-paragraph\"><strong>G\u00f6nyeli\u2013Alayk\u00f6y Belediyesi:<\/strong><\/p>\n\n\n\n<p class=\"wp-block-paragraph\">Belediye Direkt\u00f6rl\u00fc\u011f\u00fc: <strong>Can \u015eanl\u0131kol<\/strong><\/p>\n\n\n\n<p class=\"wp-block-paragraph\">Belediye Kad\u0131n Direkt\u00f6rl\u00fc\u011f\u00fc:<strong> Ay\u00e7a \u00d6zkan<\/strong><\/p>\n\n\n\n<p class=\"wp-block-paragraph\">Belediye Gen\u00e7lik Direkt\u00f6rl\u00fc\u011f\u00fc: <strong>Ali Mert Gencer<\/strong><\/p>\n","protected":false},"excerpt":{"rendered":"<p>Lefko\u015fa \u0130l\u00e7e Koordinat\u00f6r\u00fc Tar\u0131k Dev Lefko\u015fa T\u00fcrk Belediyesi: Belediye Direkt\u00f6rl\u00fc\u011f\u00fc: Riyat Kudret Belediye Kad\u0131n Direkt\u00f6rl\u00fc\u011f\u00fc: Diler Ertu\u011f M\u00fcltici Belediye Gen\u00e7lik Direkt\u00f6rl\u00fc\u011f\u00fc: S\u00fcleyman Kaylaz De\u011firmenlik\u2013Ak\u0131nc\u0131lar Belediyesi:&#8230;<\/p>\n","protected":false},"author":1,"featured_media":0,"parent":0,"menu_order":0,"comment_status":"closed","ping_status":"closed","template":"","meta":{"_crdt_document":"","cybocfi_hide_featured_image":"","footnotes":""},"class_list":["post-60","page","type-page","status-publish","hentry"],"_links":{"self":[{"href":"https:\/\/tamparti.northcyprus.tr\/index.php?rest_route=\/wp\/v2\/pages\/60","targetHints":{"allow":["GET"]}}],"collection":[{"href":"https:\/\/tamparti.northcyprus.tr\/index.php?rest_route=\/wp\/v2\/pages"}],"about":[{"href":"https:\/\/tamparti.northcyprus.tr\/index.php?rest_route=\/wp\/v2\/types\/page"}],"author":[{"embeddable":true,"href":"https:\/\/tamparti.northcyprus.tr\/index.php?rest_route=\/wp\/v2\/users\/1"}],"replies":[{"embeddable":true,"href":"https:\/\/tamparti.northcyprus.tr\/index.php?rest_route=%2Fwp%2Fv2%2Fcomments&post=60"}],"version-history":[{"count":4,"href":"https:\/\/tamparti.northcyprus.tr\/index.php?rest_route=\/wp\/v2\/pages\/60\/revisions"}],"predecessor-version":[{"id":162,"href":"https:\/\/tamparti.northcyprus.tr\/index.php?rest_route=\/wp\/v2\/pages\/60\/revisions\/162"}],"wp:attachment":[{"href":"https:\/\/tamparti.northcyprus.tr\/index.php?rest_route=%2Fwp%2Fv2%2Fmedia&parent=60"}],"curies":[{"name":"wp","href":"https:\/\/api.w.org\/{rel}","templated":true}]}}