{"id":56,"date":"2026-01-31T19:35:31","date_gmt":"2026-01-31T19:35:31","guid":{"rendered":"https:\/\/tamparti.northcyprus.tr\/?page_id=56"},"modified":"2026-02-02T14:51:17","modified_gmt":"2026-02-02T11:51:17","slug":"ilce-baskanlari","status":"publish","type":"page","link":"https:\/\/tamparti.northcyprus.tr\/?page_id=56","title":{"rendered":"\u0130l\u00e7e Ba\u015fkanlar\u0131"},"content":{"rendered":"\n<p class=\"wp-block-paragraph\">Lefko\u015fa \u0130l\u00e7e Koordinat\u00f6r\u00fc <strong>Tar\u0131k Dev<\/strong><\/p>\n\n\n\n<p class=\"wp-block-paragraph\">Gazi Ma\u011fusa \u0130l\u00e7e Koordinat\u00f6r\u00fc<\/p>\n\n\n\n<p class=\"wp-block-paragraph\">Girne \u0130l\u00e7e Koordinat\u00f6r\u00fc<\/p>\n\n\n\n<p class=\"wp-block-paragraph\">G\u00fczelyurt \u0130l\u00e7e Koordinat\u00f6r\u00fc<\/p>\n\n\n\n<p class=\"wp-block-paragraph\">\u0130skele \u0130l\u00e7e Koordinat\u00f6r\u00fc<\/p>\n\n\n\n<p class=\"wp-block-paragraph\">Lefke \u0130l\u00e7e Koordinat\u00f6r\u00fc<\/p>\n","protected":false},"excerpt":{"rendered":"<p>Lefko\u015fa \u0130l\u00e7e Koordinat\u00f6r\u00fc Tar\u0131k Dev Gazi Ma\u011fusa \u0130l\u00e7e Koordinat\u00f6r\u00fc Girne \u0130l\u00e7e Koordinat\u00f6r\u00fc G\u00fczelyurt \u0130l\u00e7e Koordinat\u00f6r\u00fc \u0130skele \u0130l\u00e7e Koordinat\u00f6r\u00fc Lefke \u0130l\u00e7e Koordinat\u00f6r\u00fc<\/p>\n","protected":false},"author":1,"featured_media":0,"parent":0,"menu_order":0,"comment_status":"closed","ping_status":"closed","template":"","meta":{"_crdt_document":"","cybocfi_hide_featured_image":"","footnotes":""},"class_list":["post-56","page","type-page","status-publish","hentry"],"_links":{"self":[{"href":"https:\/\/tamparti.northcyprus.tr\/index.php?rest_route=\/wp\/v2\/pages\/56","targetHints":{"allow":["GET"]}}],"collection":[{"href":"https:\/\/tamparti.northcyprus.tr\/index.php?rest_route=\/wp\/v2\/pages"}],"about":[{"href":"https:\/\/tamparti.northcyprus.tr\/index.php?rest_route=\/wp\/v2\/types\/page"}],"author":[{"embeddable":true,"href":"https:\/\/tamparti.northcyprus.tr\/index.php?rest_route=\/wp\/v2\/users\/1"}],"replies":[{"embeddable":true,"href":"https:\/\/tamparti.northcyprus.tr\/index.php?rest_route=%2Fwp%2Fv2%2Fcomments&post=56"}],"version-history":[{"count":3,"href":"https:\/\/tamparti.northcyprus.tr\/index.php?rest_route=\/wp\/v2\/pages\/56\/revisions"}],"predecessor-version":[{"id":164,"href":"https:\/\/tamparti.northcyprus.tr\/index.php?rest_route=\/wp\/v2\/pages\/56\/revisions\/164"}],"wp:attachment":[{"href":"https:\/\/tamparti.northcyprus.tr\/index.php?rest_route=%2Fwp%2Fv2%2Fmedia&parent=56"}],"curies":[{"name":"wp","href":"https:\/\/api.w.org\/{rel}","templated":true}]}}