{"id":18,"date":"2026-01-30T20:39:49","date_gmt":"2026-01-30T20:39:49","guid":{"rendered":"https:\/\/tamparti.northcyprus.tr\/?page_id=18"},"modified":"2026-02-01T20:06:04","modified_gmt":"2026-02-01T17:06:04","slug":"baskan","status":"publish","type":"page","link":"https:\/\/tamparti.northcyprus.tr\/?page_id=18","title":{"rendered":"Ba\u015fkan"},"content":{"rendered":"\n<p class=\"has-large-font-size wp-block-paragraph\">SERDAR DENKTA\u015e<\/p>\n\n\n\n<figure class=\"wp-block-image size-large\"><img loading=\"lazy\" decoding=\"async\" width=\"1024\" height=\"576\" src=\"https:\/\/tamparti.northcyprus.tr\/wp-content\/uploads\/2026\/01\/4-1024x576.jpg\" alt=\"\" class=\"wp-image-37\" srcset=\"https:\/\/tamparti.northcyprus.tr\/wp-content\/uploads\/2026\/01\/4-1024x576.jpg 1024w, https:\/\/tamparti.northcyprus.tr\/wp-content\/uploads\/2026\/01\/4-300x169.jpg 300w, https:\/\/tamparti.northcyprus.tr\/wp-content\/uploads\/2026\/01\/4-768x432.jpg 768w, https:\/\/tamparti.northcyprus.tr\/wp-content\/uploads\/2026\/01\/4-1200x675.jpg 1200w, https:\/\/tamparti.northcyprus.tr\/wp-content\/uploads\/2026\/01\/4.jpg 1280w\" sizes=\"auto, (max-width: 1024px) 100vw, 1024px\" \/><\/figure>\n\n\n\n<p class=\"wp-block-paragraph\">1959 y\u0131l\u0131nda Lefko\u015fa\u2019da do\u011fdu. \u0130ngiltere\u2019de London College of Printing\u2019de matbaac\u0131l\u0131k e\u011fitimini&nbsp; bitirdikten sonra University of Cardiff\u2019te ekonomi e\u011fitimi g\u00f6rd\u00fc. Cardiff\u2019te T\u00fcrk \u00d6\u011frenci Derne\u011fi\u2019ni kurdu ve ayn\u0131 zamanda \u00d6\u011frenci Birli\u011fi Y\u00f6netimi\u2019nde yer ald\u0131. KKTC\u2019de 1986\u2019da K.K.K\u00fclt\u00fcr Derne\u011fi\u2019ni, 1989\u2019da da Gen\u00e7 \u0130\u015fadamlar\u0131 Derne\u011fi\u2019ni kurarak ilk ba\u015fkanl\u0131\u011f\u0131n\u0131 yapt\u0131. K\u0131br\u0131s Kredi Bankas\u0131 Genel M\u00fcd\u00fcrl\u00fc\u011f\u00fc g\u00f6revinde bulundu.<\/p>\n\n\n\n<p class=\"wp-block-paragraph\">1990 genel se\u00e7imlerinde Ulusal Birlik Partisi\u2019nden Lefko\u015fa Milletvekili se\u00e7ildi. 20\/6\/1990-15\/5\/1992 tarihleri aras\u0131nda \u0130\u00e7i\u015fleri K\u00f6yi\u015fleri ve \u00c7evre Bakanl\u0131\u011f\u0131 yapt\u0131. 1992\u2019de \u0130\u00e7i\u015fleri Bakanl\u0131\u011f\u0131\u2019ndan istifa ederek daha sonra Dokuzlar Hareketi\u2019ne d\u00f6n\u00fc\u015fen parti i\u00e7i muhalefetin ba\u015f\u0131n\u0131 \u00e7ekti ve arkada\u015flar\u0131 ile birlikte Parti\u2019den ihra\u00e7 edildikten sonra Demokrat Parti\u2019nin kurulu\u015funda yer ald\u0131. 1992-1993 y\u0131llar\u0131 aras\u0131nda Demokrat Parti\u2019den Lefko\u015fa \u0130l\u00e7e Ba\u015fkanl\u0131\u011f\u0131 ve Genel Sekreterlik g\u00f6revlerinde bulundu.1993 erken genel se\u00e7imlerinde Demokrat Parti\u2019den Lefko\u015fa Milletvekili se\u00e7ildi ve&nbsp; 1\/1\/1994-18\/1\/1995 tarihleri aras\u0131nda Gen\u00e7lik ve Spor Bakanl\u0131\u011f\u0131 g\u00f6revinde bulundu. 1996 y\u0131l\u0131nda partisinin genel ba\u015fkanl\u0131\u011f\u0131na se\u00e7ildi. 16 A\u011fustos 1996 tarihinde Devlet Bakan\u0131 ve Ba\u015fbakan Yard\u0131mc\u0131s\u0131 olarak g\u00f6rev ald\u0131. 2000 Y\u0131l\u0131nda parti genel ba\u015fkanl\u0131\u011f\u0131ndan istifa etti ve 2001-2003 y\u0131llar\u0131 aras\u0131nda Turizm ve \u00c7evre Bakanl\u0131\u011f\u0131 g\u00f6revini y\u00fcr\u00fctt\u00fc. 2002 Aral\u0131k ay\u0131ndan itibaren yeniden Demokrat Parti Genel Ba\u015fkanl\u0131\u011f\u0131n\u0131 y\u00fcr\u00fctmektedir.<\/p>\n\n\n\n<p class=\"wp-block-paragraph\">6 Aral\u0131k 1998&nbsp; ve 14 Aral\u0131k 2003 Genel Se\u00e7imlerinde Demokrat Parti\u2019den Lefko\u015fa Milletvekili se\u00e7ildi. Cumhuriyet\u00e7i T\u00fcrk Partisi-Birle\u015fik G\u00fc\u00e7ler- Demokrat Parti&nbsp; koalisyon h\u00fck\u00fcmetinde Ba\u015fbakan Yard\u0131mc\u0131s\u0131 ve D\u0131\u015fi\u015fleri Bakan\u0131 olarak g\u00f6rev ald\u0131.Yay\u0131nlanm\u0131\u015f iki kitab\u0131 vard\u0131r.<\/p>\n\n\n\n<p class=\"wp-block-paragraph\">20 \u015eubat 2005 Erken Genel Se\u00e7imlerinde Demokrat Parti\u2019den Lefko\u015fa Milletvekili se\u00e7ildi.28 Nisan 2005 tarihinde kurulan Cumhuriyet\u00e7i T\u00fcrk Partisi-Birle\u015fik G\u00fc\u00e7ler-Demokrat Parti koalisyon h\u00fck\u00fcmetinde Ba\u015fbakan Yard\u0131mc\u0131s\u0131 ve D\u0131\u015fi\u015fleri Bakan\u0131 olarak g\u00f6rev ald\u0131.<\/p>\n\n\n\n<p class=\"wp-block-paragraph\">19 Nisan 2009 Erken Genel Se\u00e7imlerinde yeniden Demokrat Parti\u2019den Lefko\u015fa Milletvekili se\u00e7ildi.<\/p>\n\n\n\n<p class=\"wp-block-paragraph\">5 Haziran 2013 tarihinde Demokrat Parti yapt\u0131\u011f\u0131 ola\u011fan\u00fcst\u00fc kurultay ile ismini Demokrat Parti Ulusal G\u00fc\u00e7ler olarak de\u011fi\u015ftirmi\u015ftir.<\/p>\n\n\n\n<p class=\"wp-block-paragraph\">28 Temmuz 2013 tarihinde ger\u00e7ekle\u015ftirilen Erken Genel Se\u00e7imlerinde, DP-UG\u2019den Lefko\u015fa milletvekili se\u00e7ilmi\u015f ve 31 A\u011fustos tarihinde kurulan yeni h\u00fck\u00fcmette Ba\u015fbakan Yard\u0131mc\u0131s\u0131 Ekonomi, Turizm, K\u00fclt\u00fcr ve Spor Bakan\u0131 olarak g\u00f6rev ald\u0131.<\/p>\n\n\n\n<p class=\"wp-block-paragraph\">\u0130ngilizce ve Almanca bilmektedir. Evli ve \u00fc\u00e7 \u00e7ocuk babas\u0131d\u0131r.<\/p>\n","protected":false},"excerpt":{"rendered":"<p>SERDAR DENKTA\u015e 1959 y\u0131l\u0131nda Lefko\u015fa\u2019da do\u011fdu. \u0130ngiltere\u2019de London College of Printing\u2019de matbaac\u0131l\u0131k e\u011fitimini&nbsp; bitirdikten sonra University of Cardiff\u2019te ekonomi e\u011fitimi g\u00f6rd\u00fc. Cardiff\u2019te T\u00fcrk \u00d6\u011frenci Derne\u011fi\u2019ni&#8230;<\/p>\n","protected":false},"author":1,"featured_media":0,"parent":0,"menu_order":0,"comment_status":"closed","ping_status":"closed","template":"","meta":{"_crdt_document":"","cybocfi_hide_featured_image":"","footnotes":""},"class_list":["post-18","page","type-page","status-publish","hentry"],"_links":{"self":[{"href":"https:\/\/tamparti.northcyprus.tr\/index.php?rest_route=\/wp\/v2\/pages\/18","targetHints":{"allow":["GET"]}}],"collection":[{"href":"https:\/\/tamparti.northcyprus.tr\/index.php?rest_route=\/wp\/v2\/pages"}],"about":[{"href":"https:\/\/tamparti.northcyprus.tr\/index.php?rest_route=\/wp\/v2\/types\/page"}],"author":[{"embeddable":true,"href":"https:\/\/tamparti.northcyprus.tr\/index.php?rest_route=\/wp\/v2\/users\/1"}],"replies":[{"embeddable":true,"href":"https:\/\/tamparti.northcyprus.tr\/index.php?rest_route=%2Fwp%2Fv2%2Fcomments&post=18"}],"version-history":[{"count":2,"href":"https:\/\/tamparti.northcyprus.tr\/index.php?rest_route=\/wp\/v2\/pages\/18\/revisions"}],"predecessor-version":[{"id":128,"href":"https:\/\/tamparti.northcyprus.tr\/index.php?rest_route=\/wp\/v2\/pages\/18\/revisions\/128"}],"wp:attachment":[{"href":"https:\/\/tamparti.northcyprus.tr\/index.php?rest_route=%2Fwp%2Fv2%2Fmedia&parent=18"}],"curies":[{"name":"wp","href":"https:\/\/api.w.org\/{rel}","templated":true}]}}